{"id":1085,"date":"2016-06-21T08:52:37","date_gmt":"2016-06-21T08:52:37","guid":{"rendered":"https:\/\/monalisa.sdemo.site\/?page_id=4"},"modified":"2023-02-09T00:54:17","modified_gmt":"2023-02-08T21:54:17","slug":"home","status":"publish","type":"page","link":"https:\/\/klugesguestfarm.com\/de\/","title":{"rendered":"Home"},"content":{"rendered":"<div id=\"kluges-guest-farm\" class=\"vc_row wpb_row vc_row-fluid vc_custom_1673706136421\" style=\"\"><div class=\"container\"><div class=\"row\"><div class=\"wpb_animate_when_almost_visible wpb_fadeIn fadeIn wpb_column vc_column_container vc_col-sm-4\"><div class=\"vc_column-inner\"><div class=\"wpb_wrapper\"><div class=\"iw-heading  style2 vc_custom_1673706585738\" style=\"width: 100%\"><div class=\"iwh-sub-title\" style=\"\"><span>willkommen<\/span><\/div><h3 class=\"iwh-title\" style=\"font-size: 50px; line-height: 55px\">Kluges Guest Farm<\/h3><\/div><\/div><\/div><\/div><div class=\"wpb_column vc_column_container vc_col-sm-8\"><div class=\"vc_column-inner\"><div class=\"wpb_wrapper\">\n\t<div class=\"wpb_text_column wpb_content_element  wpb_animate_when_almost_visible wpb_fadeIn fadeIn vc_custom_1673722267752\" >\n\t\t<div class=\"wpb_wrapper\">\n\t\t\t<p>Die sich s\u00fcdlich von Fort Portal, und nur wenige Kilometer von Fort Portal zu Kasese highway, Kluges Guest Farm wurde urspr\u00fcnglich konzipiert als ein kommerzieller Betrieb der farm. Aber in den letzten 20 Jahren, Mariam und Stefan Kluge allm\u00e4hlich umgewandelt, die Immobilie zu einem der fortschrittlichsten inhabergef\u00fchrte eco-Lodge in Uganda. Die lodge verf\u00fcgt \u00fcber 8 bungalows und 2 gro\u00dfe Familien-Ferienh\u00e4user mit insgesamt 12 Doppel - \/ Zweibettzimmer mit en-suite-Annehmlichkeiten, die den internationalen standards. Dar\u00fcber hinaus erheben Gebietsschema wird erg\u00e4nzt durch eines der modernsten camping-Einrichtungen in Uganda. Und alle, die marvel befindet sich auf 70 Hektar der tropischen W\u00e4lder und weitl\u00e4ufigen Botanischen G\u00e4rten.<\/p>\n<p>Aufgrund seiner strategischen Lage, die wichtigsten Sehensw\u00fcrdigkeiten, wie dem Kibale-Nationalpark und seine Schimpansen-Truppen, die wunderbare alpine Landschaft der Ruwenzori-Mountains-Nationalpark und die dichten tropischen W\u00e4lder des Semuliki National Park sind nur eine kurze Fahrt von der lodge. Andere Sehensw\u00fcrdigkeiten in der region geh\u00f6ren die Sempaya Hot Springs, die Amabere H\u00f6hlen, Wander-Abenteuer zu den nahe gelegenen Krater, Seen, und ein Besuch in der Bigodi Wetlands Sanctuary, neben dem Kibale National Park. Fort Portal selbst bietet auch die Gelegenheit und besuchen Sie die Palast und dem Parlament der Toro K\u00f6nigreich, in den Botanischen G\u00e4rten am Rande der Stadt, und Fort Portal Golf Course.<\/p>\n\n\t\t<\/div>\n\t<\/div>\n<\/div><\/div><\/div><\/div><\/div><\/div><div class=\"vc_row wpb_row vc_row-fluid gallerysize\" style=\"\"><div class=\"wpb_column vc_column_container vc_col-sm-12\"><div class=\"vc_column-inner\"><div class=\"wpb_wrapper\">\n<div class=\"vc_grid-container-wrapper vc_clearfix vc_grid-animation-fadeIn\">\n\t<div class=\"vc_grid-container vc_clearfix wpb_content_element vc_media_grid\" data-initial-loading-animation=\"fadeIn\" data-vc-grid-settings=\"{&quot;page_id&quot;:1085,&quot;style&quot;:&quot;all&quot;,&quot;action&quot;:&quot;vc_get_vc_grid_data&quot;,&quot;shortcode_id&quot;:&quot;1675893105366-65fac262-6b8b-0&quot;,&quot;tag&quot;:&quot;vc_media_grid&quot;}\" data-vc-request=\"https:\/\/klugesguestfarm.com\/wp-admin\/admin-ajax.php\" data-vc-post-id=\"1085\" data-vc-public-nonce=\"9ac1259b54\">\n\t\t\n\t<\/div>\n<\/div><\/div><\/div><\/div><\/div><div id=\"bungalows-and-family-cottages\" class=\"vc_row wpb_row vc_row-fluid vc_custom_1673706173220\" style=\"\"><div class=\"container\"><div class=\"row\"><div class=\"wpb_animate_when_almost_visible wpb_fadeIn fadeIn wpb_column vc_column_container vc_col-sm-4\"><div class=\"vc_column-inner\"><div class=\"wpb_wrapper\"><div class=\"iw-heading  style2 vc_custom_1673704604514\" style=\"width: 100%\"><div class=\"iwh-sub-title\" style=\"\"><span>warum uns w\u00e4hlen<\/span><\/div><h3 class=\"iwh-title\" style=\"font-size: 50px; line-height: 55px\">Bungalows &amp; Family Cottages<\/h3><\/div><\/div><\/div><\/div><div class=\"wpb_column vc_column_container vc_col-sm-8\"><div class=\"vc_column-inner\"><div class=\"wpb_wrapper\">\n\t<div class=\"wpb_text_column wpb_content_element  wpb_animate_when_almost_visible wpb_fadeIn fadeIn vc_custom_1673722282256\" >\n\t\t<div class=\"wpb_wrapper\">\n\t\t\t<p>Kluges Guest Farm verf\u00fcgt \u00fcber 8 Selbstversorger-bungalows und 2 gro\u00dfe Familien-cottages mit insgesamt 12 Doppelzimmer \/ Zweibettzimmer mit en-suite Annehmlichkeiten auf internationalen standards und werden liebevoll verziert mit Kunst-Themen, reflektieren, Ruhe und Natur. Basierend auf die Anforderungen in allen Zimmern kann neu konfiguriert werden f\u00fcr singles und Paare, mit gem\u00fctlichen Ferienh\u00e4user f\u00fcr Familien und Freunde. Alle bungalows und cottages sind mit privaten Terrassen direkt in den herrlichen Botanischen G\u00e4rten, das sind die Markenzeichen von Kluges Guest Farm. Auch die Ausrichtung des bungalows erm\u00f6glicht den G\u00e4sten einen Blick auf das Ruwenzori-Gebirge mit der Einstellung Goldenen Sonne Baden, die orange gl\u00fchenden bungalows. Und w\u00e4hrend der Tage der klare Himmel, die schneebedeckten Berge &#034;Berge des Mondes&#034; ist ein atemberaubender Anblick.<\/p>\n\n\t\t<\/div>\n\t<\/div>\n<\/div><\/div><\/div><\/div><\/div><\/div><div class=\"vc_row wpb_row vc_row-fluid gallerysize\" style=\"\"><div class=\"wpb_column vc_column_container vc_col-sm-12\"><div class=\"vc_column-inner\"><div class=\"wpb_wrapper\">\n<div class=\"vc_grid-container-wrapper vc_clearfix vc_grid-animation-fadeIn\">\n\t<div class=\"vc_grid-container vc_clearfix wpb_content_element vc_media_grid\" data-initial-loading-animation=\"fadeIn\" data-vc-grid-settings=\"{&quot;page_id&quot;:1085,&quot;style&quot;:&quot;all&quot;,&quot;action&quot;:&quot;vc_get_vc_grid_data&quot;,&quot;shortcode_id&quot;:&quot;1675893105366-dc2a8d7a-e1e3-3&quot;,&quot;tag&quot;:&quot;vc_media_grid&quot;}\" data-vc-request=\"https:\/\/klugesguestfarm.com\/wp-admin\/admin-ajax.php\" data-vc-post-id=\"1085\" data-vc-public-nonce=\"9ac1259b54\">\n\t\t\n\t<\/div>\n<\/div><\/div><\/div><\/div><\/div><div id=\"camping-facility\" class=\"vc_row wpb_row vc_row-fluid vc_custom_1673706183434\" style=\"\"><div class=\"container\"><div class=\"row\"><div class=\"wpb_animate_when_almost_visible wpb_fadeIn fadeIn wpb_column vc_column_container vc_col-sm-4\"><div class=\"vc_column-inner\"><div class=\"wpb_wrapper\"><div class=\"iw-heading  style2 vc_custom_1673704647880\" style=\"width: 100%\"><div class=\"iwh-sub-title\" style=\"\"><span>warum uns w\u00e4hlen<\/span><\/div><h3 class=\"iwh-title\" style=\"font-size: 50px; line-height: 55px\">Campingplatz<\/h3><\/div><\/div><\/div><\/div><div class=\"wpb_column vc_column_container vc_col-sm-8\"><div class=\"vc_column-inner\"><div class=\"wpb_wrapper\">\n\t<div class=\"wpb_text_column wpb_content_element  wpb_animate_when_almost_visible wpb_fadeIn fadeIn vc_custom_1673722294217\" >\n\t\t<div class=\"wpb_wrapper\">\n\t\t\t<p>Kluges Guest Farm verf\u00fcgt \u00fcber 8 Selbstversorger-bungalows und 2 gro\u00dfe Familien-cottages mit insgesamt 12 Doppelzimmer \/ Zweibettzimmer mit en-suite Annehmlichkeiten auf internationalen standards und werden liebevoll verziert mit Kunst-Themen, reflektieren, Ruhe und Natur. Basierend auf die Anforderungen in allen Zimmern kann neu konfiguriert werden f\u00fcr singles und Paare, mit gem\u00fctlichen Ferienh\u00e4user f\u00fcr Familien und Freunde. Alle bungalows und cottages sind mit privaten Terrassen direkt in den herrlichen Botanischen G\u00e4rten, das sind die Markenzeichen von Kluges Guest Farm. Auch die Ausrichtung des bungalows erm\u00f6glicht den G\u00e4sten einen Blick auf das Ruwenzori-Gebirge mit der Einstellung Goldenen Sonne Baden, die orange gl\u00fchenden bungalows. Und w\u00e4hrend der Tage der klare Himmel, die schneebedeckten Berge &#034;Berge des Mondes&#034; ist ein atemberaubender Anblick.<\/p>\n\n\t\t<\/div>\n\t<\/div>\n<\/div><\/div><\/div><\/div><\/div><\/div><div class=\"vc_row wpb_row vc_row-fluid gallerysize\" style=\"\"><div class=\"wpb_column vc_column_container vc_col-sm-12\"><div class=\"vc_column-inner\"><div class=\"wpb_wrapper\">\n<div class=\"vc_grid-container-wrapper vc_clearfix vc_grid-animation-fadeIn\">\n\t<div class=\"vc_grid-container vc_clearfix wpb_content_element vc_media_grid\" data-initial-loading-animation=\"fadeIn\" data-vc-grid-settings=\"{&quot;page_id&quot;:1085,&quot;style&quot;:&quot;all&quot;,&quot;action&quot;:&quot;vc_get_vc_grid_data&quot;,&quot;shortcode_id&quot;:&quot;1675893105367-b9b2d987-2954-9&quot;,&quot;tag&quot;:&quot;vc_media_grid&quot;}\" data-vc-request=\"https:\/\/klugesguestfarm.com\/wp-admin\/admin-ajax.php\" data-vc-post-id=\"1085\" data-vc-public-nonce=\"9ac1259b54\">\n\t\t\n\t<\/div>\n<\/div><\/div><\/div><\/div><\/div><div id=\"conferences-and-events\" class=\"vc_row wpb_row vc_row-fluid vc_custom_1673711434222\" style=\"\"><div class=\"container\"><div class=\"row\"><div class=\"wpb_animate_when_almost_visible wpb_fadeIn fadeIn wpb_column vc_column_container vc_col-sm-4\"><div class=\"vc_column-inner\"><div class=\"wpb_wrapper\"><div class=\"iw-heading  style2 vc_custom_1673704663179\" style=\"width: 100%\"><div class=\"iwh-sub-title\" style=\"\"><span>warum uns w\u00e4hlen<\/span><\/div><h3 class=\"iwh-title\" style=\"font-size: 50px; line-height: 55px\">Konferenzen &amp; Veranstaltungen<\/h3><\/div><\/div><\/div><\/div><div class=\"wpb_column vc_column_container vc_col-sm-8\"><div class=\"vc_column-inner\"><div class=\"wpb_wrapper\">\n\t<div class=\"wpb_text_column wpb_content_element  wpb_animate_when_almost_visible wpb_fadeIn fadeIn vc_custom_1673722303485\" >\n\t\t<div class=\"wpb_wrapper\">\n\t\t\t<p>Die ruhige Umgebungen, in unseren Botanischen G\u00e4rten bieten einen Konferenzraum mit Platz f\u00fcr bis zu 20 Teilnehmer, f\u00fcr Seminare oder retreats. Die Konferenz block kommt mit einem &#039;Klassenraum&#039; Art layout mit TV, Projektor, Bildschirm, und Kartentisch. Zus\u00e4tzlich werden die angrenzenden Spiele-zone mit verschiedenen Sport-und Spiele-M\u00f6glichkeiten bietet die perfekte Kulisse f\u00fcr team-building und company retreats. Neben der ger\u00e4umigen Garten zusammengesetzte neben der Konferenz blockieren k\u00f6nnen genutzt werden f\u00fcr Hochzeiten, Geburtstagsfeiern oder Jubil\u00e4en von verschiedenen Gruppengr\u00f6\u00dfen. Kontaktieren Sie uns f\u00fcr details und Anforderungen; unsere Reservierungs-und service-teams sind bereit, Sie mit wettbewerbsf\u00e4higen Preisen, hochwertigen Dienstleistungen und unvergessliche Momente.<\/p>\n\n\t\t<\/div>\n\t<\/div>\n<\/div><\/div><\/div><\/div><\/div><\/div><div id=\"restaurant-and-bar\" class=\"vc_row wpb_row vc_row-fluid vc_custom_1673711451209\" style=\"\"><div class=\"container\"><div class=\"row\"><div class=\"wpb_animate_when_almost_visible wpb_fadeIn fadeIn wpb_column vc_column_container vc_col-sm-4\"><div class=\"vc_column-inner\"><div class=\"wpb_wrapper\"><div class=\"iw-heading  style2 vc_custom_1673704679282\" style=\"width: 100%\"><div class=\"iwh-sub-title\" style=\"\"><span>warum uns w\u00e4hlen<\/span><\/div><h3 class=\"iwh-title\" style=\"font-size: 50px; line-height: 55px\">Restaurant &amp; Bar<\/h3><\/div><\/div><\/div><\/div><div class=\"wpb_column vc_column_container vc_col-sm-8\"><div class=\"vc_column-inner\"><div class=\"wpb_wrapper\">\n\t<div class=\"wpb_text_column wpb_content_element  wpb_animate_when_almost_visible wpb_fadeIn fadeIn vc_custom_1673722313718\" >\n\t\t<div class=\"wpb_wrapper\">\n\t\t\t<p>Unser restaurant wird als &#034;Ggava Mukulya&#039;, das ist ein Luganda Sprichwort bedeutet &#034;St\u00e4rke kommt aus der Nahrung&#034;, und verf\u00fcgt \u00fcber ein \u00e0-la-carte-Men\u00fc neben leckeren buffets. Unsere K\u00fcche basiert auf landwirtschaftlichen Produkten mit selbstgezogenem Gem\u00fcse und frisch gebackenem Brot serviert. Wir glauben, dass G\u00e4ste verdienen nur das beste, und Reisende, die bereits auf Kluges Guest Farm loben das Essen als einer der besten in der region.<\/p>\n\n\t\t<\/div>\n\t<\/div>\n<\/div><\/div><\/div><\/div><\/div><\/div><div id=\"lounge-and-fireplaces\" class=\"vc_row wpb_row vc_row-fluid vc_custom_1673711459710\" style=\"\"><div class=\"container\"><div class=\"row\"><div class=\"wpb_animate_when_almost_visible wpb_fadeIn fadeIn wpb_column vc_column_container vc_col-sm-4\"><div class=\"vc_column-inner\"><div class=\"wpb_wrapper\"><div class=\"iw-heading  style2 vc_custom_1673704704445\" style=\"width: 100%\"><div class=\"iwh-sub-title\" style=\"\"><span>warum uns w\u00e4hlen<\/span><\/div><h3 class=\"iwh-title\" style=\"font-size: 50px; line-height: 55px\">Lounge &amp; Kamine<\/h3><\/div><\/div><\/div><\/div><div class=\"wpb_column vc_column_container vc_col-sm-8\"><div class=\"vc_column-inner\"><div class=\"wpb_wrapper\">\n\t<div class=\"wpb_text_column wpb_content_element  wpb_animate_when_almost_visible wpb_fadeIn fadeIn vc_custom_1673722324151\" >\n\t\t<div class=\"wpb_wrapper\">\n\t\t\t<p>Unsere lounge befindet sich neben dem restaurant und ist gebaut in der Form eines Pavillon. Es verf\u00fcgt \u00fcber einen Blick auf unseren wundersch\u00f6nen Garten und bietet dem Besucher mit der Einstellung f\u00fcr den entspannten Nachmittag Kaffee oder Tee. Die gem\u00fctliche safari-Stil lounge-Sessel und sofas werden erg\u00e4nzt durch einen zentralen Kamin, der sorgt f\u00fcr die richtige Art von warmen Atmosph\u00e4re, w\u00e4hrend die k\u00fchlen Abende des Ruwenzori-Hochland. Neben die Feuerstelle im freien, direkt vor dem restaurant, ist ein wesentlicher Aspekt der afrikanischen safari-Erlebnis. Hier Reisende und G\u00e4ste konvergieren f\u00fcr den abendlichen sundowner zu teilen Ihre Erfahrungen und Erlebnisse des Tages.<\/p>\n\n\t\t<\/div>\n\t<\/div>\n<\/div><\/div><\/div><\/div><\/div><\/div><div class=\"vc_row wpb_row vc_row-fluid gallerysize\" style=\"\"><div class=\"wpb_column vc_column_container vc_col-sm-12\"><div class=\"vc_column-inner\"><div class=\"wpb_wrapper\">\n<div class=\"vc_grid-container-wrapper vc_clearfix vc_grid-animation-fadeIn\">\n\t<div class=\"vc_grid-container vc_clearfix wpb_content_element vc_media_grid\" data-initial-loading-animation=\"fadeIn\" data-vc-grid-settings=\"{&quot;page_id&quot;:1085,&quot;style&quot;:&quot;all&quot;,&quot;action&quot;:&quot;vc_get_vc_grid_data&quot;,&quot;shortcode_id&quot;:&quot;1675893105368-11984b21-a24a-6&quot;,&quot;tag&quot;:&quot;vc_media_grid&quot;}\" data-vc-request=\"https:\/\/klugesguestfarm.com\/wp-admin\/admin-ajax.php\" data-vc-post-id=\"1085\" data-vc-public-nonce=\"9ac1259b54\">\n\t\t\n\t<\/div>\n<\/div><\/div><\/div><\/div><\/div><div id=\"swimming-pool-botanical-gardens-and-nature-trails\" class=\"vc_row wpb_row vc_row-fluid vc_custom_1673706216724\" style=\"\"><div class=\"container\"><div class=\"row\"><div class=\"wpb_animate_when_almost_visible wpb_fadeIn fadeIn wpb_column vc_column_container vc_col-sm-4\"><div class=\"vc_column-inner\"><div class=\"wpb_wrapper\"><div class=\"iw-heading  style2 vc_custom_1673704731932\" style=\"width: 100%\"><div class=\"iwh-sub-title\" style=\"\"><span>warum uns w\u00e4hlen<\/span><\/div><h3 class=\"iwh-title\" style=\"font-size: 50px; line-height: 55px\">Schwimmbad, Botanical Gardens &amp; Nature Trails<\/h3><\/div><\/div><\/div><\/div><div class=\"wpb_column vc_column_container vc_col-sm-8\"><div class=\"vc_column-inner\"><div class=\"wpb_wrapper\">\n\t<div class=\"wpb_text_column wpb_content_element  wpb_animate_when_almost_visible wpb_fadeIn fadeIn vc_custom_1673722334896\" >\n\t\t<div class=\"wpb_wrapper\">\n\t\t\t<p>Die au\u00dfergew\u00f6hnliche Kombination aus unserer Botanischen Garten, erg\u00e4nzt durch den umliegenden tropischen Wald zieht eine Vielzahl von V\u00f6geln und Tieren, darunter gr\u00fcne meerkatze und Colobus-Affen. Auch, in der neben vielen bunten Schmetterling Vogelarten wie der crested crane, sunbirds, Nashornv\u00f6gel, und turakos sind ein allt\u00e4glicher Anblick in unsere spektakul\u00e4re G\u00e4rten. Hier k\u00f6nnen unsere G\u00e4ste genie\u00dfen Sie ausgedehnte Spazierg\u00e4nge im Wald Wiederbelebung Ihren Geist in Frieden und Ruhe.<\/p>\n<p>Zus\u00e4tzlich zu den Spazierg\u00e4ngen in der Natur, k\u00f6nnen Sie besuchen die farm kitchen und spice garden oder erkunden Sie auf einer gef\u00fchrten Dorf zu Fu\u00df und erleben Sie die lokale Lebensweise. Und f\u00fcr diejenigen, die daran interessiert Wanderungen zu den tieferen Lagen der Ruwenzori-Berge oder der Besuch der Schimpansen-die Truppen des Kibale forest, unser geschultes Personal ist bereit, Ihnen die wichtigsten Informationen und M\u00f6glichkeiten.<\/p>\n<p>Alternativ k\u00f6nnen Sie sich am Pool, w\u00e4hrend Sie die bunten V\u00f6gel in den B\u00e4umen oben. Das Schwimmbad Gebietsschema verf\u00fcgt auch \u00fcber ein separates Kinderbecken und eine erh\u00f6hte veranda mit Blick auf den tropischen Wald \u00fcber. Zus\u00e4tzlich, viele betrachten Kluges Guest Farm-einer der familienfreundlichsten Orte in Fort Portal, wie Kinder herumtollen, \u00fcber unsere Spielplatz, botanische G\u00e4rten und gro\u00dfz\u00fcgigen Liegefl\u00e4chen.<\/p>\n\n\t\t<\/div>\n\t<\/div>\n<\/div><\/div><\/div><\/div><\/div><\/div><div class=\"vc_row wpb_row vc_row-fluid gallerysize\" style=\"\"><div class=\"wpb_column vc_column_container vc_col-sm-12\"><div class=\"vc_column-inner\"><div class=\"wpb_wrapper\">\n<div class=\"vc_grid-container-wrapper vc_clearfix vc_grid-animation-fadeIn\">\n\t<div class=\"vc_grid-container vc_clearfix wpb_content_element vc_media_grid\" data-initial-loading-animation=\"fadeIn\" data-vc-grid-settings=\"{&quot;page_id&quot;:1085,&quot;style&quot;:&quot;all&quot;,&quot;action&quot;:&quot;vc_get_vc_grid_data&quot;,&quot;shortcode_id&quot;:&quot;1675893105369-f1ee9f5e-dcc1-1&quot;,&quot;tag&quot;:&quot;vc_media_grid&quot;}\" data-vc-request=\"https:\/\/klugesguestfarm.com\/wp-admin\/admin-ajax.php\" data-vc-post-id=\"1085\" data-vc-public-nonce=\"9ac1259b54\">\n\t\t\n\t<\/div>\n<\/div><\/div><\/div><\/div><\/div><div class=\"container\"><div class=\"vc_row wpb_row vc_row-fluid vc_custom_1675103726665\" style=\"\"><div class=\"wpb_column vc_column_container vc_col-sm-2\"><div class=\"vc_column-inner\"><div class=\"wpb_wrapper\"><\/div><\/div><\/div><div class=\"tripadvisorwidget wpb_column vc_column_container vc_col-sm-8\"><div class=\"vc_column-inner\"><div class=\"wpb_wrapper\">\n\t<div class=\"wpb_text_column wpb_content_element\" >\n\t\t<div class=\"wpb_wrapper\">\n\t\t\t<div id=\"TA_cdsratingsonlywide410\" class=\"TA_cdsratingsonlywide\" style=\"text-align: center;\">\n<ul id=\"7BzOsEqkL3\" class=\"TA_links d6PipkYrGPS\">\n<li id=\"gb4QPZO3\" class=\"eCo2ZS\"><a href=\"https:\/\/www.tripadvisor.com\/Hotel_Review-g608446-d1413993-Reviews-Kluges_Guest_Farm-Fort_Portal_Western_Region.html\" target=\"_blank\" rel=\"noopener\"><img decoding=\"async\" class=\"aligncenter\" src=\"https:\/\/www.tripadvisor.com\/img\/cdsi\/img2\/branding\/v2\/Tripadvisor_lockup_horizontal_secondary_registered-18034-2.svg\" alt=\"TripAdvisor\" \/><\/a><\/li>\n<\/ul>\n<\/div>\n<p><script async src=\"https:\/\/www.jscache.com\/wejs?wtype=cdsratingsonlywide&amp;uniq=410&amp;locationId=1413993&amp;lang=en_US&amp;border=true&amp;display_version=2\" data-loadtrk onload=\"this.loadtrk=true\"><\/script><\/p>\n\n\t\t<\/div>\n\t<\/div>\n<\/div><\/div><\/div><div class=\"wpb_column vc_column_container vc_col-sm-2\"><div class=\"vc_column-inner\"><div class=\"wpb_wrapper\"><\/div><\/div><\/div><\/div><\/div>","protected":false},"excerpt":{"rendered":"welcome toKluges Guest Farm Situated south of Fort Portal and just a few kilometers off the Fort Portal to Kasese highway, Kluges Guest Farm was originally conceived as a commercial farm operation. However, over the last 20 years, Mariam and Stefan Kluge gradually converted the property into one of the most advanced owner-operated eco-lodges in [...]","protected":false},"author":1,"featured_media":0,"parent":0,"menu_order":1,"comment_status":"closed","ping_status":"closed","template":"page-templates\/home-page.php","meta":{"footnotes":""},"class_list":["post-1085","page","type-page","status-publish","hentry"],"_links":{"self":[{"href":"https:\/\/klugesguestfarm.com\/de\/wp-json\/wp\/v2\/pages\/1085","targetHints":{"allow":["GET"]}}],"collection":[{"href":"https:\/\/klugesguestfarm.com\/de\/wp-json\/wp\/v2\/pages"}],"about":[{"href":"https:\/\/klugesguestfarm.com\/de\/wp-json\/wp\/v2\/types\/page"}],"author":[{"embeddable":true,"href":"https:\/\/klugesguestfarm.com\/de\/wp-json\/wp\/v2\/users\/1"}],"replies":[{"embeddable":true,"href":"https:\/\/klugesguestfarm.com\/de\/wp-json\/wp\/v2\/comments?post=1085"}],"version-history":[{"count":10,"href":"https:\/\/klugesguestfarm.com\/de\/wp-json\/wp\/v2\/pages\/1085\/revisions"}],"predecessor-version":[{"id":1532,"href":"https:\/\/klugesguestfarm.com\/de\/wp-json\/wp\/v2\/pages\/1085\/revisions\/1532"}],"wp:attachment":[{"href":"https:\/\/klugesguestfarm.com\/de\/wp-json\/wp\/v2\/media?parent=1085"}],"curies":[{"name":"wp","href":"https:\/\/api.w.org\/{rel}","templated":true}]}}